{"id":30,"date":"2025-12-17T10:58:52","date_gmt":"2025-12-17T10:58:52","guid":{"rendered":"https:\/\/thomas-dannequin.fr\/?page_id=30"},"modified":"2026-01-01T17:46:54","modified_gmt":"2026-01-01T17:46:54","slug":"a-propos-de-nous","status":"publish","type":"page","link":"https:\/\/thomas-dannequin.fr\/index.php\/a-propos-de-nous\/","title":{"rendered":"La simple strat\u00e9gie qui nous distingue"},"content":{"rendered":"\n<div class=\"wp-block-group alignfull is-layout-constrained wp-block-group-is-layout-constrained\">\n<div class=\"wp-block-media-text has-media-on-the-right is-stacked-on-mobile\" style=\"grid-template-columns:auto 40%\"><div class=\"wp-block-media-text__content\">\n<div class=\"wp-block-group is-layout-constrained wp-block-group-is-layout-constrained\">\n<p><strong>Essihault RefWeb<\/strong> est une entreprise fictive, cr\u00e9\u00e9e dans le cadre d\u2019un concours SEO. <strong>Nous accompagnons les entreprises, les ind\u00e9pendants et les porteurs de projets<\/strong> dans le d\u00e9veloppement de leur pr\u00e9sence digitale. Pour ce faire, nous mettons en place des strat\u00e9gies efficaces et durables, con\u00e7ues pour r\u00e9pondre aux besoins sp\u00e9cifiques de chaque projet.<\/p>\n\n\n\n<div style=\"height:25px\" aria-hidden=\"true\" class=\"wp-block-spacer\"><\/div>\n\n\n\n<p><strong>Notre mission est simple<\/strong> : vous aider \u00e0 \u00eatre visible au bon endroit, au bon moment. Pour y parvenir, nous adoptons une approche enti\u00e8rement personnalis\u00e9e. D\u2019abord, nous analysons votre site en profondeur, puis nous \u00e9tudions votre march\u00e9 et vos objectifs. Ensuite, nous d\u00e9finissons des solutions adapt\u00e9es \u00e0 votre activit\u00e9, afin de maximiser vos chances de succ\u00e8s.<\/p>\n\n\n\n<div style=\"height:15px\" aria-hidden=\"true\" class=\"wp-block-spacer\"><\/div>\n\n\n\n<p><strong>Nous intervenons sur tous les leviers du r\u00e9f\u00e9rencement naturel (SEO).<\/strong> Cela inclut l\u2019audit technique, l\u2019optimisation du contenu, l\u2019am\u00e9lioration des performances, la strat\u00e9gie de mots-cl\u00e9s et le suivi r\u00e9gulier des r\u00e9sultats. De plus, chaque action est soigneusement pens\u00e9e pour g\u00e9n\u00e9rer un trafic qualifi\u00e9 et am\u00e9liorer votre positionnement sur les moteurs de recherche.<\/p>\n\n\n\n<div style=\"height:15px\" aria-hidden=\"true\" class=\"wp-block-spacer\"><\/div>\n\n\n\n<p>De plus, nous croyons que <strong>la transparence et l\u2019accompagnement sont essentiels<\/strong>. Chez Essihault RefWeb, vous b\u00e9n\u00e9ficiez d\u2019un suivi clair et d\u00e9taill\u00e9, de conseils pratiques et de r\u00e9sultats mesurables. Ainsi, votre site web devient un v\u00e9ritable outil de croissance, capable de soutenir vos objectifs et de renforcer votre pr\u00e9sence en ligne.<\/p>\n<\/div>\n<\/div><figure class=\"wp-block-media-text__media\"><img loading=\"lazy\" decoding=\"async\" width=\"1536\" height=\"1024\" src=\"https:\/\/thomas-dannequin.fr\/wp-content\/uploads\/2025\/12\/chiffre-cles-satisfaction-historique.png\" alt=\"\" class=\"wp-image-64 size-full\" srcset=\"https:\/\/thomas-dannequin.fr\/wp-content\/uploads\/2025\/12\/chiffre-cles-satisfaction-historique.png 1536w, https:\/\/thomas-dannequin.fr\/wp-content\/uploads\/2025\/12\/chiffre-cles-satisfaction-historique-300x200.png 300w, https:\/\/thomas-dannequin.fr\/wp-content\/uploads\/2025\/12\/chiffre-cles-satisfaction-historique-1024x683.png 1024w, https:\/\/thomas-dannequin.fr\/wp-content\/uploads\/2025\/12\/chiffre-cles-satisfaction-historique-768x512.png 768w\" sizes=\"auto, (max-width: 1536px) 100vw, 1536px\" \/><\/figure><\/div>\n<\/div>\n\n\n\n<div style=\"height:50px\" aria-hidden=\"true\" class=\"wp-block-spacer\"><\/div>\n\n\n\n<p class=\"has-text-align-center\">Enfin, notre d\u00e9marche repose sur trois valeurs cl\u00e9s : <strong>la performance, la clart\u00e9 et l\u2019efficacit\u00e9<\/strong>. Chaque d\u00e9cision que nous prenons vise \u00e0 optimiser vos r\u00e9sultats tout en vous offrant un accompagnement constant. Avec Essihault RefWeb, vous ne vous contentez pas d\u2019\u00eatre pr\u00e9sent sur le web : vous \u00eates visible, strat\u00e9gique et comp\u00e9titif.<\/p>\n\n\n\n<div style=\"height:50px\" aria-hidden=\"true\" class=\"wp-block-spacer\"><\/div>\n","protected":false},"excerpt":{"rendered":"<p>Essihault RefWeb est une entreprise fictive, cr\u00e9\u00e9e dans le cadre d\u2019un concours SEO. Nous accompagnons les entreprises, les ind\u00e9pendants et les porteurs de projets dans le d\u00e9veloppement de leur pr\u00e9sence digitale. Pour ce faire, nous mettons en place des strat\u00e9gies efficaces et durables, con\u00e7ues pour r\u00e9pondre aux besoins sp\u00e9cifiques de chaque projet. Notre mission est [&hellip;]<\/p>\n","protected":false},"author":1,"featured_media":0,"parent":0,"menu_order":0,"comment_status":"closed","ping_status":"closed","template":"","meta":{"site-sidebar-layout":"default","site-content-layout":"","ast-site-content-layout":"default","site-content-style":"default","site-sidebar-style":"default","ast-global-header-display":"","ast-banner-title-visibility":"","ast-main-header-display":"","ast-hfb-above-header-display":"","ast-hfb-below-header-display":"","ast-hfb-mobile-header-display":"","site-post-title":"","ast-breadcrumbs-content":"","ast-featured-img":"","footer-sml-layout":"","ast-disable-related-posts":"","theme-transparent-header-meta":"","adv-header-id-meta":"","stick-header-meta":"","header-above-stick-meta":"","header-main-stick-meta":"","header-below-stick-meta":"","astra-migrate-meta-layouts":"default","ast-page-background-enabled":"default","ast-page-background-meta":{"desktop":{"background-color":"var(--ast-global-color-5)","background-image":"","background-repeat":"repeat","background-position":"center center","background-size":"auto","background-attachment":"scroll","background-type":"","background-media":"","overlay-type":"","overlay-color":"","overlay-opacity":"","overlay-gradient":""},"tablet":{"background-color":"","background-image":"","background-repeat":"repeat","background-position":"center center","background-size":"auto","background-attachment":"scroll","background-type":"","background-media":"","overlay-type":"","overlay-color":"","overlay-opacity":"","overlay-gradient":""},"mobile":{"background-color":"","background-image":"","background-repeat":"repeat","background-position":"center center","background-size":"auto","background-attachment":"scroll","background-type":"","background-media":"","overlay-type":"","overlay-color":"","overlay-opacity":"","overlay-gradient":""}},"ast-content-background-meta":{"desktop":{"background-color":"var(--ast-global-color-4)","background-image":"","background-repeat":"repeat","background-position":"center center","background-size":"auto","background-attachment":"scroll","background-type":"","background-media":"","overlay-type":"","overlay-color":"","overlay-opacity":"","overlay-gradient":""},"tablet":{"background-color":"var(--ast-global-color-4)","background-image":"","background-repeat":"repeat","background-position":"center center","background-size":"auto","background-attachment":"scroll","background-type":"","background-media":"","overlay-type":"","overlay-color":"","overlay-opacity":"","overlay-gradient":""},"mobile":{"background-color":"var(--ast-global-color-4)","background-image":"","background-repeat":"repeat","background-position":"center center","background-size":"auto","background-attachment":"scroll","background-type":"","background-media":"","overlay-type":"","overlay-color":"","overlay-opacity":"","overlay-gradient":""}},"footnotes":""},"class_list":["post-30","page","type-page","status-publish","hentry"],"aioseo_notices":[],"_links":{"self":[{"href":"https:\/\/thomas-dannequin.fr\/index.php\/wp-json\/wp\/v2\/pages\/30","targetHints":{"allow":["GET"]}}],"collection":[{"href":"https:\/\/thomas-dannequin.fr\/index.php\/wp-json\/wp\/v2\/pages"}],"about":[{"href":"https:\/\/thomas-dannequin.fr\/index.php\/wp-json\/wp\/v2\/types\/page"}],"author":[{"embeddable":true,"href":"https:\/\/thomas-dannequin.fr\/index.php\/wp-json\/wp\/v2\/users\/1"}],"replies":[{"embeddable":true,"href":"https:\/\/thomas-dannequin.fr\/index.php\/wp-json\/wp\/v2\/comments?post=30"}],"version-history":[{"count":27,"href":"https:\/\/thomas-dannequin.fr\/index.php\/wp-json\/wp\/v2\/pages\/30\/revisions"}],"predecessor-version":[{"id":211,"href":"https:\/\/thomas-dannequin.fr\/index.php\/wp-json\/wp\/v2\/pages\/30\/revisions\/211"}],"wp:attachment":[{"href":"https:\/\/thomas-dannequin.fr\/index.php\/wp-json\/wp\/v2\/media?parent=30"}],"curies":[{"name":"wp","href":"https:\/\/api.w.org\/{rel}","templated":true}]}}