{"id":11,"date":"2025-12-17T09:52:38","date_gmt":"2025-12-17T09:52:38","guid":{"rendered":"https:\/\/thomas-dannequin.fr\/index.php\/home\/"},"modified":"2026-01-05T13:42:53","modified_gmt":"2026-01-05T13:42:53","slug":"home","status":"publish","type":"page","link":"https:\/\/thomas-dannequin.fr\/","title":{"rendered":"La solution simple pour \u00eatre visible"},"content":{"rendered":"\n<div style=\"height:30px\" aria-hidden=\"true\" class=\"wp-block-spacer\"><\/div>\n\n\n\n<h1 class=\"wp-block-heading\">Essihault RefWeb, Propulsez votre site l\u00e0 o\u00f9 il m\u00e9rite d\u2019\u00eatre !<\/h1>\n\n\n\n<div style=\"height:30px\" aria-hidden=\"true\" class=\"wp-block-spacer\"><\/div>\n\n\n\n<div class=\"wp-block-media-text is-stacked-on-mobile\"><figure class=\"wp-block-media-text__media\"><img loading=\"lazy\" decoding=\"async\" width=\"433\" height=\"447\" src=\"https:\/\/thomas-dannequin.fr\/wp-content\/uploads\/2025\/12\/collaboration-equipe-digitale-puzzle.webp\" alt=\"Illustration d\u2019une \u00e9quipe collaborant autour d\u2019une table, symbolisant le travail d\u2019\u00e9quipe et la strat\u00e9gie digitale chez Essihault RefWeb\" class=\"wp-image-202 size-full\" srcset=\"https:\/\/thomas-dannequin.fr\/wp-content\/uploads\/2025\/12\/collaboration-equipe-digitale-puzzle.webp 433w, https:\/\/thomas-dannequin.fr\/wp-content\/uploads\/2025\/12\/collaboration-equipe-digitale-puzzle-291x300.webp 291w\" sizes=\"auto, (max-width: 433px) 100vw, 433px\" \/><\/figure><div class=\"wp-block-media-text__content\">\n<h2 class=\"wp-block-heading\"><strong>Boostez durablement votre visibilit\u00e9 en ligne et attirez des visiteurs qualifi\u00e9s.<\/strong><\/h2>\n\n\n\n<p>Essihault RefWeb optimise votre site pour les moteurs de recherche afin d\u2019augmenter votre trafic, renforcer votre cr\u00e9dibilit\u00e9 et transformer votre pr\u00e9sence web en <strong>v\u00e9ritable moteur de croissance<\/strong>. N&rsquo;h\u00e9sitez pas \u00e0 nous contacter et \u00e0 regarder <a href=\"https:\/\/thomas-dannequin.fr\/index.php\/a-propos-de-nous\/\" title=\"\">notre histoire<\/a> !<\/p>\n<\/div><\/div>\n\n\n\n<div style=\"height:100px\" aria-hidden=\"true\" class=\"wp-block-spacer\"><\/div>\n\n\n\n<div class=\"wp-block-group is-layout-constrained wp-block-group-is-layout-constrained\">\n<h2 class=\"wp-block-heading has-text-align-center\">Des solutions SEO puissantes pour d\u00e9velopper votre pr\u00e9sence digitale<\/h2>\n\n\n\n<p class=\"has-text-align-center\">Essihault RefWeb vous propose des outils performants et des strat\u00e9gies \u00e9prouv\u00e9es pour am\u00e9liorer votre visibilit\u00e9, optimiser vos performances et atteindre vos objectifs business. D\u00e9couvrez \u00e9galement nos <strong>analyses et conseils experts<\/strong> sur <a href=\"https:\/\/thomas-dannequin.fr\/index.php\/blog\/\" title=\"\">notre blog<\/a> pour aller plus loin.<\/p>\n\n\n\n<div class=\"wp-block-columns is-layout-flex wp-container-core-columns-is-layout-28f84493 wp-block-columns-is-layout-flex\">\n<div class=\"wp-block-column is-vertically-aligned-center is-layout-flow wp-block-column-is-layout-flow\">\n<div class=\"wp-block-group is-layout-constrained wp-block-group-is-layout-constrained\">\n<h3 class=\"wp-block-heading\"><strong>Audit SEO complet<\/strong><\/h3>\n\n\n\n<p>Analyse approfondie de votre site pour identifier les freins, opportunit\u00e9s et axes de croissance.<\/p>\n<\/div>\n\n\n\n<div class=\"wp-block-group is-layout-constrained wp-block-group-is-layout-constrained\">\n<h3 class=\"wp-block-heading\">Am\u00e9lioration du positionnement Google<\/h3>\n\n\n\n<p>Techniques SEO durables pour gagner des places sur les mots-cl\u00e9s strat\u00e9giques.<\/p>\n<\/div>\n\n\n\n<div class=\"wp-block-group is-layout-constrained wp-block-group-is-layout-constrained\">\n<h3 class=\"wp-block-heading\">Optimisation technique<\/h3>\n\n\n\n<p>Am\u00e9lioration de la vitesse, de la structure et de l\u2019accessibilit\u00e9 pour une exp\u00e9rience utilisateur optimale.<\/p>\n<\/div>\n<\/div>\n\n\n\n<div class=\"wp-block-column is-layout-flow wp-block-column-is-layout-flow\">\n<figure class=\"wp-block-image size-large\"><img loading=\"lazy\" decoding=\"async\" width=\"683\" height=\"1024\" src=\"https:\/\/thomas-dannequin.fr\/wp-content\/uploads\/2025\/12\/telephone-apercu-essihault-683x1024.webp\" alt=\"Illustration d\u2019un smartphone affichant le site \u201cEssihault RefWeb\u201d, avec une interface bleu fonc\u00e9. On y voit une sc\u00e8ne isom\u00e9trique de professionnels collaborant autour de pi\u00e8ces de puzzle color\u00e9es, symbolisant la strat\u00e9gie digitale et le r\u00e9f\u00e9rencement. Le texte met en avant \u201c30 000+ clients\u201d et des r\u00e9sultats mesurables.\" class=\"wp-image-146\" srcset=\"https:\/\/thomas-dannequin.fr\/wp-content\/uploads\/2025\/12\/telephone-apercu-essihault-683x1024.webp 683w, https:\/\/thomas-dannequin.fr\/wp-content\/uploads\/2025\/12\/telephone-apercu-essihault-200x300.webp 200w, https:\/\/thomas-dannequin.fr\/wp-content\/uploads\/2025\/12\/telephone-apercu-essihault-768x1152.webp 768w, https:\/\/thomas-dannequin.fr\/wp-content\/uploads\/2025\/12\/telephone-apercu-essihault.webp 816w\" sizes=\"auto, (max-width: 683px) 100vw, 683px\" \/><\/figure>\n<\/div>\n\n\n\n<div class=\"wp-block-column is-vertically-aligned-center is-layout-flow wp-block-column-is-layout-flow\">\n<div class=\"wp-block-group is-layout-constrained wp-block-group-is-layout-constrained\">\n<h3 class=\"wp-block-heading\">Cr\u00e9ation de contenus \u00e0 forte valeur ajout\u00e9e<\/h3>\n\n\n\n<p>Cr\u00e9ation et optimisation de contenus pertinents, pens\u00e9s \u00e0 la fois pour les utilisateurs et les moteurs de recherche.<\/p>\n<\/div>\n\n\n\n<div class=\"wp-block-group is-layout-constrained wp-block-group-is-layout-constrained\">\n<h3 class=\"wp-block-heading\">Suivi et performance<\/h3>\n\n\n\n<p>Indicateurs clairs et reporting pr\u00e9cis pour mesurer l\u2019\u00e9volution de votre visibilit\u00e9.<\/p>\n<\/div>\n\n\n\n<div class=\"wp-block-group is-layout-constrained wp-block-group-is-layout-constrained\">\n<h3 class=\"wp-block-heading\">Accompagnement personnalis\u00e9<\/h3>\n\n\n\n<p>Un suivi sur mesure avec des recommandations adapt\u00e9es \u00e0 votre activit\u00e9 et \u00e0 vos objectifs.<\/p>\n<\/div>\n<\/div>\n<\/div>\n<\/div>\n","protected":false},"excerpt":{"rendered":"<p>Essihault RefWeb, Propulsez votre site l\u00e0 o\u00f9 il m\u00e9rite d\u2019\u00eatre ! Boostez durablement votre visibilit\u00e9 en ligne et attirez des visiteurs qualifi\u00e9s. Essihault RefWeb optimise votre site pour les moteurs de recherche afin d\u2019augmenter votre trafic, renforcer votre cr\u00e9dibilit\u00e9 et transformer votre pr\u00e9sence web en v\u00e9ritable moteur de croissance. N&rsquo;h\u00e9sitez pas \u00e0 nous contacter et [&hellip;]<\/p>\n","protected":false},"author":1,"featured_media":0,"parent":0,"menu_order":0,"comment_status":"closed","ping_status":"closed","template":"","meta":{"site-sidebar-layout":"default","site-content-layout":"","ast-site-content-layout":"default","site-content-style":"default","site-sidebar-style":"default","ast-global-header-display":"","ast-banner-title-visibility":"","ast-main-header-display":"","ast-hfb-above-header-display":"","ast-hfb-below-header-display":"","ast-hfb-mobile-header-display":"","site-post-title":"disabled","ast-breadcrumbs-content":"","ast-featured-img":"","footer-sml-layout":"","ast-disable-related-posts":"","theme-transparent-header-meta":"","adv-header-id-meta":"","stick-header-meta":"","header-above-stick-meta":"","header-main-stick-meta":"","header-below-stick-meta":"","astra-migrate-meta-layouts":"default","ast-page-background-enabled":"default","ast-page-background-meta":{"desktop":{"background-color":"var(--ast-global-color-5)","background-image":"","background-repeat":"repeat","background-position":"center center","background-size":"auto","background-attachment":"scroll","background-type":"","background-media":"","overlay-type":"","overlay-color":"","overlay-opacity":"","overlay-gradient":""},"tablet":{"background-color":"","background-image":"","background-repeat":"repeat","background-position":"center center","background-size":"auto","background-attachment":"scroll","background-type":"","background-media":"","overlay-type":"","overlay-color":"","overlay-opacity":"","overlay-gradient":""},"mobile":{"background-color":"","background-image":"","background-repeat":"repeat","background-position":"center center","background-size":"auto","background-attachment":"scroll","background-type":"","background-media":"","overlay-type":"","overlay-color":"","overlay-opacity":"","overlay-gradient":""}},"ast-content-background-meta":{"desktop":{"background-color":"var(--ast-global-color-4)","background-image":"","background-repeat":"repeat","background-position":"center center","background-size":"auto","background-attachment":"scroll","background-type":"","background-media":"","overlay-type":"","overlay-color":"","overlay-opacity":"","overlay-gradient":""},"tablet":{"background-color":"var(--ast-global-color-4)","background-image":"","background-repeat":"repeat","background-position":"center center","background-size":"auto","background-attachment":"scroll","background-type":"","background-media":"","overlay-type":"","overlay-color":"","overlay-opacity":"","overlay-gradient":""},"mobile":{"background-color":"var(--ast-global-color-4)","background-image":"","background-repeat":"repeat","background-position":"center center","background-size":"auto","background-attachment":"scroll","background-type":"","background-media":"","overlay-type":"","overlay-color":"","overlay-opacity":"","overlay-gradient":""}},"footnotes":""},"class_list":["post-11","page","type-page","status-publish","hentry"],"aioseo_notices":[],"_links":{"self":[{"href":"https:\/\/thomas-dannequin.fr\/index.php\/wp-json\/wp\/v2\/pages\/11","targetHints":{"allow":["GET"]}}],"collection":[{"href":"https:\/\/thomas-dannequin.fr\/index.php\/wp-json\/wp\/v2\/pages"}],"about":[{"href":"https:\/\/thomas-dannequin.fr\/index.php\/wp-json\/wp\/v2\/types\/page"}],"author":[{"embeddable":true,"href":"https:\/\/thomas-dannequin.fr\/index.php\/wp-json\/wp\/v2\/users\/1"}],"replies":[{"embeddable":true,"href":"https:\/\/thomas-dannequin.fr\/index.php\/wp-json\/wp\/v2\/comments?post=11"}],"version-history":[{"count":23,"href":"https:\/\/thomas-dannequin.fr\/index.php\/wp-json\/wp\/v2\/pages\/11\/revisions"}],"predecessor-version":[{"id":215,"href":"https:\/\/thomas-dannequin.fr\/index.php\/wp-json\/wp\/v2\/pages\/11\/revisions\/215"}],"wp:attachment":[{"href":"https:\/\/thomas-dannequin.fr\/index.php\/wp-json\/wp\/v2\/media?parent=11"}],"curies":[{"name":"wp","href":"https:\/\/api.w.org\/{rel}","templated":true}]}}